{"id":313,"date":"2018-10-31T11:02:41","date_gmt":"2018-10-31T10:02:41","guid":{"rendered":"http:\/\/www.kolavykoukal.cz\/domains\/kolavykoukal.cz\/?page_id=313"},"modified":"2022-02-24T09:58:32","modified_gmt":"2022-02-24T08:58:32","slug":"baterie-pro-elektrokola","status":"publish","type":"page","link":"https:\/\/www.kolavykoukal.cz\/domains\/kolavykoukal.cz\/baterie-pro-elektrokola\/","title":{"rendered":"Baterie pro elektrokola"},"content":{"rendered":"<p>Na na\u0161\u00ed <a href=\"https:\/\/baterievykoukal.cz\" target=\"_blank\" rel=\"noopener\"><span style=\"color: #ff0000;\">prodejn\u011b s autobateriemi<\/span><\/a> nab\u00edz\u00edme:<\/p>\n<p><span style=\"color: #ff0000;\"><a style=\"color: #ff0000;\" href=\"https:\/\/baterievykoukal.cz\" target=\"_blank\" rel=\"noopener\">www.bateriolomouc.cz<\/a><\/span><\/p>\n<ul>\n<li>prodej bateri\u00ed pro elektrokola s pohonem Bosch, Yamaha, Bafang a dal\u0161\u00ed<\/li>\n<li>repase bateri\u00ed Li-ion s mo\u017enost\u00ed nav\u00fd\u0161en\u00ed kapacity s v\u00fdb\u011brem \u010dl\u00e1nk\u016f od Panasonic a Samsung<\/li>\n<\/ul>\n<p><img loading=\"lazy\" decoding=\"async\" class=\"alignnone size-medium wp-image-315\" src=\"https:\/\/www.kolavykoukal.cz\/domains\/kolavykoukal.cz\/wp-content\/uploads\/2018\/10\/IMG_0787-300x232.jpg\" alt=\"\" width=\"300\" height=\"232\" srcset=\"https:\/\/www.kolavykoukal.cz\/domains\/kolavykoukal.cz\/wp-content\/uploads\/2018\/10\/IMG_0787-300x232.jpg 300w, https:\/\/www.kolavykoukal.cz\/domains\/kolavykoukal.cz\/wp-content\/uploads\/2018\/10\/IMG_0787-600x464.jpg 600w, https:\/\/www.kolavykoukal.cz\/domains\/kolavykoukal.cz\/wp-content\/uploads\/2018\/10\/IMG_0787-768x594.jpg 768w, https:\/\/www.kolavykoukal.cz\/domains\/kolavykoukal.cz\/wp-content\/uploads\/2018\/10\/IMG_0787-1024x792.jpg 1024w, https:\/\/www.kolavykoukal.cz\/domains\/kolavykoukal.cz\/wp-content\/uploads\/2018\/10\/IMG_0787-800x619.jpg 800w\" sizes=\"auto, (max-width: 300px) 100vw, 300px\" \/><\/p>\n","protected":false},"excerpt":{"rendered":"<p>Na na\u0161\u00ed prodejn\u011b s autobateriemi nab\u00edz\u00edme: www.bateriolomouc.cz prodej bateri\u00ed pro elektrokola s pohonem Bosch, Yamaha, Bafang a dal\u0161\u00ed repase bateri\u00ed Li-ion s mo\u017enost\u00ed nav\u00fd\u0161en\u00ed kapacity s v\u00fdb\u011brem \u010dl\u00e1nk\u016f od Panasonic a Samsung<\/p>\n","protected":false},"author":1,"featured_media":315,"parent":0,"menu_order":0,"comment_status":"closed","ping_status":"closed","template":"","meta":{"footnotes":""},"class_list":["post-313","page","type-page","status-publish","has-post-thumbnail","hentry","latest_post"],"_links":{"self":[{"href":"https:\/\/www.kolavykoukal.cz\/domains\/kolavykoukal.cz\/wp-json\/wp\/v2\/pages\/313","targetHints":{"allow":["GET"]}}],"collection":[{"href":"https:\/\/www.kolavykoukal.cz\/domains\/kolavykoukal.cz\/wp-json\/wp\/v2\/pages"}],"about":[{"href":"https:\/\/www.kolavykoukal.cz\/domains\/kolavykoukal.cz\/wp-json\/wp\/v2\/types\/page"}],"author":[{"embeddable":true,"href":"https:\/\/www.kolavykoukal.cz\/domains\/kolavykoukal.cz\/wp-json\/wp\/v2\/users\/1"}],"replies":[{"embeddable":true,"href":"https:\/\/www.kolavykoukal.cz\/domains\/kolavykoukal.cz\/wp-json\/wp\/v2\/comments?post=313"}],"version-history":[{"count":10,"href":"https:\/\/www.kolavykoukal.cz\/domains\/kolavykoukal.cz\/wp-json\/wp\/v2\/pages\/313\/revisions"}],"predecessor-version":[{"id":645,"href":"https:\/\/www.kolavykoukal.cz\/domains\/kolavykoukal.cz\/wp-json\/wp\/v2\/pages\/313\/revisions\/645"}],"wp:featuredmedia":[{"embeddable":true,"href":"https:\/\/www.kolavykoukal.cz\/domains\/kolavykoukal.cz\/wp-json\/wp\/v2\/media\/315"}],"wp:attachment":[{"href":"https:\/\/www.kolavykoukal.cz\/domains\/kolavykoukal.cz\/wp-json\/wp\/v2\/media?parent=313"}],"curies":[{"name":"wp","href":"https:\/\/api.w.org\/{rel}","templated":true}]}}